{"id":93,"date":"2025-11-12T09:58:11","date_gmt":"2025-11-12T09:58:11","guid":{"rendered":"https:\/\/stitchmarkers-nook.de\/?page_id=93"},"modified":"2025-11-13T09:40:25","modified_gmt":"2025-11-13T09:40:25","slug":"barrierefreiheitserklaerung","status":"publish","type":"page","link":"https:\/\/stitchmarkers-nook.de\/en\/barrierefreiheitserklaerung\/","title":{"rendered":"Accessibility"},"content":{"rendered":"<p>As a small business owner, I am exempt from the legal requirement for accessibility.<\/p>\n\n\n\n<p>Nevertheless, I want to offer a website that is accessible to as many people as possible. I have therefore studied the requirements of the EU Accessibility Act 2025 (EAA) in detail and strive to meet them whenever possible.<\/p>\n\n\n\n<p>If you encounter any barriers while visiting my website, please feel free to write to carolin.betz@stitchmarkers-nook.de or use the <a href=\"https:\/\/stitchmarkers-nook.de\/en\/kontakt\/\" data-type=\"page\" data-id=\"18\">Contact form<\/a><\/p>","protected":false},"excerpt":{"rendered":"<p>Als Kleinstunternehmerin bin ich von der Pflicht zur Barrierefreiheit befreit. Unabh\u00e4ngig davon m\u00f6chte ich eine Webseite anbieten, die m\u00f6glichst vielen Menschen zug\u00e4nglich ist. Ich habe &hellip; <\/p>","protected":false},"author":1,"featured_media":0,"parent":0,"menu_order":0,"comment_status":"closed","ping_status":"closed","template":"","meta":{"footnotes":""},"class_list":["post-93","page","type-page","status-publish","hentry"],"yoast_head":"<!-- This site is optimized with the Yoast SEO plugin v27.4 - https:\/\/yoast.com\/product\/yoast-seo-wordpress\/ -->\n<title>Barrierefreiheit - stitchmarker&#039;s nook<\/title>\n<meta name=\"robots\" content=\"index, follow, max-snippet:-1, max-image-preview:large, max-video-preview:-1\" \/>\n<link rel=\"canonical\" href=\"https:\/\/stitchmarkers-nook.de\/en\/barrierefreiheitserklaerung\/\" \/>\n<meta property=\"og:locale\" content=\"en_US\" \/>\n<meta property=\"og:type\" content=\"article\" \/>\n<meta property=\"og:title\" content=\"Barrierefreiheit - stitchmarker&#039;s nook\" \/>\n<meta property=\"og:description\" content=\"Als Kleinstunternehmerin bin ich von der Pflicht zur Barrierefreiheit befreit. Unabh\u00e4ngig davon m\u00f6chte ich eine Webseite anbieten, die m\u00f6glichst vielen Menschen zug\u00e4nglich ist. Ich habe &hellip;\" \/>\n<meta property=\"og:url\" content=\"https:\/\/stitchmarkers-nook.de\/en\/barrierefreiheitserklaerung\/\" \/>\n<meta property=\"og:site_name\" content=\"stitchmarker&#039;s nook\" \/>\n<meta property=\"article:modified_time\" content=\"2025-11-13T09:40:25+00:00\" \/>\n<meta name=\"twitter:card\" content=\"summary_large_image\" \/>\n<script type=\"application\/ld+json\" class=\"yoast-schema-graph\">{\"@context\":\"https:\\\/\\\/schema.org\",\"@graph\":[{\"@type\":\"WebPage\",\"@id\":\"https:\\\/\\\/stitchmarkers-nook.de\\\/barrierefreiheitserklaerung\\\/\",\"url\":\"https:\\\/\\\/stitchmarkers-nook.de\\\/barrierefreiheitserklaerung\\\/\",\"name\":\"Barrierefreiheit - stitchmarker&#039;s nook\",\"isPartOf\":{\"@id\":\"https:\\\/\\\/stitchmarkers-nook.de\\\/#website\"},\"datePublished\":\"2025-11-12T09:58:11+00:00\",\"dateModified\":\"2025-11-13T09:40:25+00:00\",\"breadcrumb\":{\"@id\":\"https:\\\/\\\/stitchmarkers-nook.de\\\/barrierefreiheitserklaerung\\\/#breadcrumb\"},\"inLanguage\":\"en-US\",\"potentialAction\":[{\"@type\":\"ReadAction\",\"target\":[\"https:\\\/\\\/stitchmarkers-nook.de\\\/barrierefreiheitserklaerung\\\/\"]}]},{\"@type\":\"BreadcrumbList\",\"@id\":\"https:\\\/\\\/stitchmarkers-nook.de\\\/barrierefreiheitserklaerung\\\/#breadcrumb\",\"itemListElement\":[{\"@type\":\"ListItem\",\"position\":1,\"name\":\"Start\",\"item\":\"https:\\\/\\\/stitchmarkers-nook.de\\\/\"},{\"@type\":\"ListItem\",\"position\":2,\"name\":\"Barrierefreiheit\"}]},{\"@type\":\"WebSite\",\"@id\":\"https:\\\/\\\/stitchmarkers-nook.de\\\/#website\",\"url\":\"https:\\\/\\\/stitchmarkers-nook.de\\\/\",\"name\":\"stitchmarker's nook\",\"description\":\"A Place for Yarn Lovers\",\"publisher\":{\"@id\":\"https:\\\/\\\/stitchmarkers-nook.de\\\/#organization\"},\"potentialAction\":[{\"@type\":\"SearchAction\",\"target\":{\"@type\":\"EntryPoint\",\"urlTemplate\":\"https:\\\/\\\/stitchmarkers-nook.de\\\/?s={search_term_string}\"},\"query-input\":{\"@type\":\"PropertyValueSpecification\",\"valueRequired\":true,\"valueName\":\"search_term_string\"}}],\"inLanguage\":\"en-US\"},{\"@type\":\"Organization\",\"@id\":\"https:\\\/\\\/stitchmarkers-nook.de\\\/#organization\",\"name\":\"stitchmarker's nook\",\"url\":\"https:\\\/\\\/stitchmarkers-nook.de\\\/\",\"logo\":{\"@type\":\"ImageObject\",\"inLanguage\":\"en-US\",\"@id\":\"https:\\\/\\\/stitchmarkers-nook.de\\\/#\\\/schema\\\/logo\\\/image\\\/\",\"url\":\"https:\\\/\\\/stitchmarkers-nook.de\\\/wp-content\\\/uploads\\\/2026\\\/01\\\/Logo_green_rot.png\",\"contentUrl\":\"https:\\\/\\\/stitchmarkers-nook.de\\\/wp-content\\\/uploads\\\/2026\\\/01\\\/Logo_green_rot.png\",\"width\":455,\"height\":440,\"caption\":\"stitchmarker's nook\"},\"image\":{\"@id\":\"https:\\\/\\\/stitchmarkers-nook.de\\\/#\\\/schema\\\/logo\\\/image\\\/\"},\"sameAs\":[\"https:\\\/\\\/de.pinterest.com\\\/betz3145\\\/\"]}]}<\/script>\n<!-- \/ Yoast SEO plugin. -->","yoast_head_json":{"title":"Barrierefreiheit - stitchmarker&#039;s nook","robots":{"index":"index","follow":"follow","max-snippet":"max-snippet:-1","max-image-preview":"max-image-preview:large","max-video-preview":"max-video-preview:-1"},"canonical":"https:\/\/stitchmarkers-nook.de\/en\/barrierefreiheitserklaerung\/","og_locale":"en_US","og_type":"article","og_title":"Barrierefreiheit - stitchmarker&#039;s nook","og_description":"Als Kleinstunternehmerin bin ich von der Pflicht zur Barrierefreiheit befreit. Unabh\u00e4ngig davon m\u00f6chte ich eine Webseite anbieten, die m\u00f6glichst vielen Menschen zug\u00e4nglich ist. Ich habe &hellip;","og_url":"https:\/\/stitchmarkers-nook.de\/en\/barrierefreiheitserklaerung\/","og_site_name":"stitchmarker&#039;s nook","article_modified_time":"2025-11-13T09:40:25+00:00","twitter_card":"summary_large_image","schema":{"@context":"https:\/\/schema.org","@graph":[{"@type":"WebPage","@id":"https:\/\/stitchmarkers-nook.de\/barrierefreiheitserklaerung\/","url":"https:\/\/stitchmarkers-nook.de\/barrierefreiheitserklaerung\/","name":"Barrierefreiheit - stitchmarker&#039;s nook","isPartOf":{"@id":"https:\/\/stitchmarkers-nook.de\/#website"},"datePublished":"2025-11-12T09:58:11+00:00","dateModified":"2025-11-13T09:40:25+00:00","breadcrumb":{"@id":"https:\/\/stitchmarkers-nook.de\/barrierefreiheitserklaerung\/#breadcrumb"},"inLanguage":"en-US","potentialAction":[{"@type":"ReadAction","target":["https:\/\/stitchmarkers-nook.de\/barrierefreiheitserklaerung\/"]}]},{"@type":"BreadcrumbList","@id":"https:\/\/stitchmarkers-nook.de\/barrierefreiheitserklaerung\/#breadcrumb","itemListElement":[{"@type":"ListItem","position":1,"name":"Start","item":"https:\/\/stitchmarkers-nook.de\/"},{"@type":"ListItem","position":2,"name":"Barrierefreiheit"}]},{"@type":"WebSite","@id":"https:\/\/stitchmarkers-nook.de\/#website","url":"https:\/\/stitchmarkers-nook.de\/","name":"stitchmarker's nook","description":"A Place for Yarn Lovers","publisher":{"@id":"https:\/\/stitchmarkers-nook.de\/#organization"},"potentialAction":[{"@type":"SearchAction","target":{"@type":"EntryPoint","urlTemplate":"https:\/\/stitchmarkers-nook.de\/?s={search_term_string}"},"query-input":{"@type":"PropertyValueSpecification","valueRequired":true,"valueName":"search_term_string"}}],"inLanguage":"en-US"},{"@type":"Organization","@id":"https:\/\/stitchmarkers-nook.de\/#organization","name":"stitchmarker's nook","url":"https:\/\/stitchmarkers-nook.de\/","logo":{"@type":"ImageObject","inLanguage":"en-US","@id":"https:\/\/stitchmarkers-nook.de\/#\/schema\/logo\/image\/","url":"https:\/\/stitchmarkers-nook.de\/wp-content\/uploads\/2026\/01\/Logo_green_rot.png","contentUrl":"https:\/\/stitchmarkers-nook.de\/wp-content\/uploads\/2026\/01\/Logo_green_rot.png","width":455,"height":440,"caption":"stitchmarker's nook"},"image":{"@id":"https:\/\/stitchmarkers-nook.de\/#\/schema\/logo\/image\/"},"sameAs":["https:\/\/de.pinterest.com\/betz3145\/"]}]}},"wp-worthy-pixel":{"ignored":false,"public":null,"server":null,"url":null},"wp-worthy-type":"normal","_links":{"self":[{"href":"https:\/\/stitchmarkers-nook.de\/en\/wp-json\/wp\/v2\/pages\/93","targetHints":{"allow":["GET"]}}],"collection":[{"href":"https:\/\/stitchmarkers-nook.de\/en\/wp-json\/wp\/v2\/pages"}],"about":[{"href":"https:\/\/stitchmarkers-nook.de\/en\/wp-json\/wp\/v2\/types\/page"}],"author":[{"embeddable":true,"href":"https:\/\/stitchmarkers-nook.de\/en\/wp-json\/wp\/v2\/users\/1"}],"replies":[{"embeddable":true,"href":"https:\/\/stitchmarkers-nook.de\/en\/wp-json\/wp\/v2\/comments?post=93"}],"version-history":[{"count":2,"href":"https:\/\/stitchmarkers-nook.de\/en\/wp-json\/wp\/v2\/pages\/93\/revisions"}],"predecessor-version":[{"id":100,"href":"https:\/\/stitchmarkers-nook.de\/en\/wp-json\/wp\/v2\/pages\/93\/revisions\/100"}],"wp:attachment":[{"href":"https:\/\/stitchmarkers-nook.de\/en\/wp-json\/wp\/v2\/media?parent=93"}],"curies":[{"name":"wp","href":"https:\/\/api.w.org\/{rel}","templated":true}]}}