{"id":19,"date":"2025-11-10T08:25:52","date_gmt":"2025-11-10T08:25:52","guid":{"rendered":"https:\/\/stitchmarkers-nook.de\/?page_id=19"},"modified":"2026-03-20T08:56:20","modified_gmt":"2026-03-20T08:56:20","slug":"ueber-stitchmarkers-nook","status":"publish","type":"page","link":"https:\/\/stitchmarkers-nook.de\/en\/ueber-stitchmarkers-nook\/","title":{"rendered":"About Stitch Marker's Nook"},"content":{"rendered":"<div class=\"wp-block-columns is-layout-flex wp-container-core-columns-is-layout-9d6595d7 wp-block-columns-is-layout-flex\">\n<div class=\"wp-block-column is-layout-flow wp-block-column-is-layout-flow\" style=\"flex-basis:66.66%\">\n<p>I am Carolin Betz and I offer quality patterns for sustainable, well-tried everyday favorites made from yarn.<\/p>\n\n\n\n<p>Handarbeiten begleiten mich seit meiner Kindheit. Mit Stricken fing es an. Bald kam Kreuzstich und sp\u00e4ter N\u00e4hen dazu. Als junge Erwachsene sammelte ich geradezu ausgefallene Handarbeitstechniken wie Spinnen, Kl\u00f6ppeln und Occhi.<\/p>\n\n\n\n<p>Auf dieser Seite teile ich mein Lieblingswissen mit Dir.<\/p>\n<\/div>\n\n\n\n<div class=\"wp-block-column is-layout-flow wp-block-column-is-layout-flow\" style=\"flex-basis:33.33%\">\n<figure class=\"wp-block-image size-large\"><img loading=\"lazy\" decoding=\"async\" width=\"1024\" height=\"1024\" src=\"https:\/\/stitchmarkers-nook.de\/wp-content\/uploads\/2026\/03\/Profilbild_heller-1024x1024.png\" alt=\"\" class=\"wp-image-908\" srcset=\"https:\/\/stitchmarkers-nook.de\/wp-content\/uploads\/2026\/03\/Profilbild_heller-1024x1024.png 1024w, https:\/\/stitchmarkers-nook.de\/wp-content\/uploads\/2026\/03\/Profilbild_heller-300x300.png 300w, https:\/\/stitchmarkers-nook.de\/wp-content\/uploads\/2026\/03\/Profilbild_heller-150x150.png 150w, https:\/\/stitchmarkers-nook.de\/wp-content\/uploads\/2026\/03\/Profilbild_heller-768x767.png 768w, https:\/\/stitchmarkers-nook.de\/wp-content\/uploads\/2026\/03\/Profilbild_heller-1536x1534.png 1536w, https:\/\/stitchmarkers-nook.de\/wp-content\/uploads\/2026\/03\/Profilbild_heller-12x12.png 12w, https:\/\/stitchmarkers-nook.de\/wp-content\/uploads\/2026\/03\/Profilbild_heller.png 1803w\" sizes=\"auto, (max-width: 1024px) 100vw, 1024px\" \/><\/figure>\n<\/div>\n<\/div>\n\n\n\n<h2 class=\"wp-block-heading\">And what about the name?<\/h2>\n\n\n\n<p>Nun, bei mir wohnt zuf\u00e4llig ein magischer Maschenmarkierer (englisch: stitch marker).<\/p>\n\n\n\n<p>Eines Tages war er pl\u00f6tzlich da. Ganz hinten im Regal mit den Stricksachen, hat er sich eine kleine gem\u00fctliche Ecke (englisch: <em>Nook<\/em>) eingerichtet. Ich glaube, er ist schon alt und hat viel erlebt. Meistens schl\u00e4ft er und \u00fcberhaupt ist er sehr scheu. Manchmal h\u00f6re ich ihn leise klappern oder knarzen. Er mag es, wenn ich ihm ein paar Wollreste hinlege.<\/p>\n\n\n\n<p class=\"translation-block\">And then sometimes, when I pass the shelf\u2026 the magic happens.\nThe stitch marker sends me a new idea.\nI can\u2019t help but pick up my needles and choose the yarn.\nI can\u2019t stop until the new something is finished.<\/p>\n\n\n\n<p>You might say,<br>\u201cCarolin, is this really true? I think you made this up.\u201d<\/p>\n\n\n\n<p>Maybe I did.<br>Maybe I didn\u2019t.<\/p>\n\n\n\n<p>But as for me, I say:<br>&#8222;Danke, lieber Maschenmarkierer.&#8220;<\/p>","protected":false},"excerpt":{"rendered":"<p>Ich bin Carolin Betz und ich biete Dir Qualit\u00e4tsanleitungen f\u00fcr nachhaltige, alltagserprobte Lieblingsst\u00fccke aus Garn. Handarbeiten begleiten mich seit meiner Kindheit. Mit Stricken fing es &hellip; <\/p>","protected":false},"author":1,"featured_media":0,"parent":0,"menu_order":0,"comment_status":"closed","ping_status":"closed","template":"","meta":{"footnotes":""},"class_list":["post-19","page","type-page","status-publish","hentry"],"yoast_head":"<!-- This site is optimized with the Yoast SEO plugin v27.4 - https:\/\/yoast.com\/product\/yoast-seo-wordpress\/ -->\n<title>\u00dcber Stitch Marker&#039;s Nook - stitchmarker&#039;s nook<\/title>\n<meta name=\"robots\" content=\"index, follow, max-snippet:-1, max-image-preview:large, max-video-preview:-1\" \/>\n<link rel=\"canonical\" href=\"https:\/\/stitchmarkers-nook.de\/en\/ueber-stitchmarkers-nook\/\" \/>\n<meta property=\"og:locale\" content=\"en_US\" \/>\n<meta property=\"og:type\" content=\"article\" \/>\n<meta property=\"og:title\" content=\"\u00dcber Stitch Marker&#039;s Nook - stitchmarker&#039;s nook\" \/>\n<meta property=\"og:description\" content=\"Ich bin Carolin Betz und ich biete Dir Qualit\u00e4tsanleitungen f\u00fcr nachhaltige, alltagserprobte Lieblingsst\u00fccke aus Garn. Handarbeiten begleiten mich seit meiner Kindheit. Mit Stricken fing es &hellip;\" \/>\n<meta property=\"og:url\" content=\"https:\/\/stitchmarkers-nook.de\/en\/ueber-stitchmarkers-nook\/\" \/>\n<meta property=\"og:site_name\" content=\"stitchmarker&#039;s nook\" \/>\n<meta property=\"article:modified_time\" content=\"2026-03-20T08:56:20+00:00\" \/>\n<meta property=\"og:image\" content=\"https:\/\/stitchmarkers-nook.de\/wp-content\/uploads\/2026\/03\/Profilbild_heller-1024x1024.png\" \/>\n\t<meta property=\"og:image:width\" content=\"1024\" \/>\n\t<meta property=\"og:image:height\" content=\"1024\" \/>\n\t<meta property=\"og:image:type\" content=\"image\/png\" \/>\n<meta name=\"twitter:card\" content=\"summary_large_image\" \/>\n<meta name=\"twitter:label1\" content=\"Est. reading time\" \/>\n\t<meta name=\"twitter:data1\" content=\"2 minutes\" \/>\n<script type=\"application\/ld+json\" class=\"yoast-schema-graph\">{\"@context\":\"https:\\\/\\\/schema.org\",\"@graph\":[{\"@type\":\"WebPage\",\"@id\":\"https:\\\/\\\/stitchmarkers-nook.de\\\/ueber-stitchmarkers-nook\\\/\",\"url\":\"https:\\\/\\\/stitchmarkers-nook.de\\\/ueber-stitchmarkers-nook\\\/\",\"name\":\"\u00dcber Stitch Marker's Nook - stitchmarker&#039;s nook\",\"isPartOf\":{\"@id\":\"https:\\\/\\\/stitchmarkers-nook.de\\\/#website\"},\"primaryImageOfPage\":{\"@id\":\"https:\\\/\\\/stitchmarkers-nook.de\\\/ueber-stitchmarkers-nook\\\/#primaryimage\"},\"image\":{\"@id\":\"https:\\\/\\\/stitchmarkers-nook.de\\\/ueber-stitchmarkers-nook\\\/#primaryimage\"},\"thumbnailUrl\":\"https:\\\/\\\/stitchmarkers-nook.de\\\/wp-content\\\/uploads\\\/2026\\\/03\\\/Profilbild_heller-1024x1024.png\",\"datePublished\":\"2025-11-10T08:25:52+00:00\",\"dateModified\":\"2026-03-20T08:56:20+00:00\",\"breadcrumb\":{\"@id\":\"https:\\\/\\\/stitchmarkers-nook.de\\\/ueber-stitchmarkers-nook\\\/#breadcrumb\"},\"inLanguage\":\"en-US\",\"potentialAction\":[{\"@type\":\"ReadAction\",\"target\":[\"https:\\\/\\\/stitchmarkers-nook.de\\\/ueber-stitchmarkers-nook\\\/\"]}]},{\"@type\":\"ImageObject\",\"inLanguage\":\"en-US\",\"@id\":\"https:\\\/\\\/stitchmarkers-nook.de\\\/ueber-stitchmarkers-nook\\\/#primaryimage\",\"url\":\"https:\\\/\\\/stitchmarkers-nook.de\\\/wp-content\\\/uploads\\\/2026\\\/03\\\/Profilbild_heller-1024x1024.png\",\"contentUrl\":\"https:\\\/\\\/stitchmarkers-nook.de\\\/wp-content\\\/uploads\\\/2026\\\/03\\\/Profilbild_heller-1024x1024.png\"},{\"@type\":\"BreadcrumbList\",\"@id\":\"https:\\\/\\\/stitchmarkers-nook.de\\\/ueber-stitchmarkers-nook\\\/#breadcrumb\",\"itemListElement\":[{\"@type\":\"ListItem\",\"position\":1,\"name\":\"Start\",\"item\":\"https:\\\/\\\/stitchmarkers-nook.de\\\/\"},{\"@type\":\"ListItem\",\"position\":2,\"name\":\"\u00dcber Stitch Marker&#8217;s Nook\"}]},{\"@type\":\"WebSite\",\"@id\":\"https:\\\/\\\/stitchmarkers-nook.de\\\/#website\",\"url\":\"https:\\\/\\\/stitchmarkers-nook.de\\\/\",\"name\":\"stitchmarker's nook\",\"description\":\"A Place for Yarn Lovers\",\"publisher\":{\"@id\":\"https:\\\/\\\/stitchmarkers-nook.de\\\/#organization\"},\"potentialAction\":[{\"@type\":\"SearchAction\",\"target\":{\"@type\":\"EntryPoint\",\"urlTemplate\":\"https:\\\/\\\/stitchmarkers-nook.de\\\/?s={search_term_string}\"},\"query-input\":{\"@type\":\"PropertyValueSpecification\",\"valueRequired\":true,\"valueName\":\"search_term_string\"}}],\"inLanguage\":\"en-US\"},{\"@type\":\"Organization\",\"@id\":\"https:\\\/\\\/stitchmarkers-nook.de\\\/#organization\",\"name\":\"stitchmarker's nook\",\"url\":\"https:\\\/\\\/stitchmarkers-nook.de\\\/\",\"logo\":{\"@type\":\"ImageObject\",\"inLanguage\":\"en-US\",\"@id\":\"https:\\\/\\\/stitchmarkers-nook.de\\\/#\\\/schema\\\/logo\\\/image\\\/\",\"url\":\"https:\\\/\\\/stitchmarkers-nook.de\\\/wp-content\\\/uploads\\\/2026\\\/01\\\/Logo_green_rot.png\",\"contentUrl\":\"https:\\\/\\\/stitchmarkers-nook.de\\\/wp-content\\\/uploads\\\/2026\\\/01\\\/Logo_green_rot.png\",\"width\":455,\"height\":440,\"caption\":\"stitchmarker's nook\"},\"image\":{\"@id\":\"https:\\\/\\\/stitchmarkers-nook.de\\\/#\\\/schema\\\/logo\\\/image\\\/\"},\"sameAs\":[\"https:\\\/\\\/de.pinterest.com\\\/betz3145\\\/\"]}]}<\/script>\n<!-- \/ Yoast SEO plugin. -->","yoast_head_json":{"title":"\u00dcber Stitch Marker's Nook - stitchmarker&#039;s nook","robots":{"index":"index","follow":"follow","max-snippet":"max-snippet:-1","max-image-preview":"max-image-preview:large","max-video-preview":"max-video-preview:-1"},"canonical":"https:\/\/stitchmarkers-nook.de\/en\/ueber-stitchmarkers-nook\/","og_locale":"en_US","og_type":"article","og_title":"\u00dcber Stitch Marker's Nook - stitchmarker&#039;s nook","og_description":"Ich bin Carolin Betz und ich biete Dir Qualit\u00e4tsanleitungen f\u00fcr nachhaltige, alltagserprobte Lieblingsst\u00fccke aus Garn. Handarbeiten begleiten mich seit meiner Kindheit. Mit Stricken fing es &hellip;","og_url":"https:\/\/stitchmarkers-nook.de\/en\/ueber-stitchmarkers-nook\/","og_site_name":"stitchmarker&#039;s nook","article_modified_time":"2026-03-20T08:56:20+00:00","og_image":[{"width":1024,"height":1024,"url":"https:\/\/stitchmarkers-nook.de\/wp-content\/uploads\/2026\/03\/Profilbild_heller-1024x1024.png","type":"image\/png"}],"twitter_card":"summary_large_image","twitter_misc":{"Est. reading time":"2 minutes"},"schema":{"@context":"https:\/\/schema.org","@graph":[{"@type":"WebPage","@id":"https:\/\/stitchmarkers-nook.de\/ueber-stitchmarkers-nook\/","url":"https:\/\/stitchmarkers-nook.de\/ueber-stitchmarkers-nook\/","name":"\u00dcber Stitch Marker's Nook - stitchmarker&#039;s nook","isPartOf":{"@id":"https:\/\/stitchmarkers-nook.de\/#website"},"primaryImageOfPage":{"@id":"https:\/\/stitchmarkers-nook.de\/ueber-stitchmarkers-nook\/#primaryimage"},"image":{"@id":"https:\/\/stitchmarkers-nook.de\/ueber-stitchmarkers-nook\/#primaryimage"},"thumbnailUrl":"https:\/\/stitchmarkers-nook.de\/wp-content\/uploads\/2026\/03\/Profilbild_heller-1024x1024.png","datePublished":"2025-11-10T08:25:52+00:00","dateModified":"2026-03-20T08:56:20+00:00","breadcrumb":{"@id":"https:\/\/stitchmarkers-nook.de\/ueber-stitchmarkers-nook\/#breadcrumb"},"inLanguage":"en-US","potentialAction":[{"@type":"ReadAction","target":["https:\/\/stitchmarkers-nook.de\/ueber-stitchmarkers-nook\/"]}]},{"@type":"ImageObject","inLanguage":"en-US","@id":"https:\/\/stitchmarkers-nook.de\/ueber-stitchmarkers-nook\/#primaryimage","url":"https:\/\/stitchmarkers-nook.de\/wp-content\/uploads\/2026\/03\/Profilbild_heller-1024x1024.png","contentUrl":"https:\/\/stitchmarkers-nook.de\/wp-content\/uploads\/2026\/03\/Profilbild_heller-1024x1024.png"},{"@type":"BreadcrumbList","@id":"https:\/\/stitchmarkers-nook.de\/ueber-stitchmarkers-nook\/#breadcrumb","itemListElement":[{"@type":"ListItem","position":1,"name":"Start","item":"https:\/\/stitchmarkers-nook.de\/"},{"@type":"ListItem","position":2,"name":"\u00dcber Stitch Marker&#8217;s Nook"}]},{"@type":"WebSite","@id":"https:\/\/stitchmarkers-nook.de\/#website","url":"https:\/\/stitchmarkers-nook.de\/","name":"stitchmarker's nook","description":"A Place for Yarn Lovers","publisher":{"@id":"https:\/\/stitchmarkers-nook.de\/#organization"},"potentialAction":[{"@type":"SearchAction","target":{"@type":"EntryPoint","urlTemplate":"https:\/\/stitchmarkers-nook.de\/?s={search_term_string}"},"query-input":{"@type":"PropertyValueSpecification","valueRequired":true,"valueName":"search_term_string"}}],"inLanguage":"en-US"},{"@type":"Organization","@id":"https:\/\/stitchmarkers-nook.de\/#organization","name":"stitchmarker's nook","url":"https:\/\/stitchmarkers-nook.de\/","logo":{"@type":"ImageObject","inLanguage":"en-US","@id":"https:\/\/stitchmarkers-nook.de\/#\/schema\/logo\/image\/","url":"https:\/\/stitchmarkers-nook.de\/wp-content\/uploads\/2026\/01\/Logo_green_rot.png","contentUrl":"https:\/\/stitchmarkers-nook.de\/wp-content\/uploads\/2026\/01\/Logo_green_rot.png","width":455,"height":440,"caption":"stitchmarker's nook"},"image":{"@id":"https:\/\/stitchmarkers-nook.de\/#\/schema\/logo\/image\/"},"sameAs":["https:\/\/de.pinterest.com\/betz3145\/"]}]}},"wp-worthy-pixel":{"ignored":false,"public":null,"server":null,"url":null},"wp-worthy-type":"normal","_links":{"self":[{"href":"https:\/\/stitchmarkers-nook.de\/en\/wp-json\/wp\/v2\/pages\/19","targetHints":{"allow":["GET"]}}],"collection":[{"href":"https:\/\/stitchmarkers-nook.de\/en\/wp-json\/wp\/v2\/pages"}],"about":[{"href":"https:\/\/stitchmarkers-nook.de\/en\/wp-json\/wp\/v2\/types\/page"}],"author":[{"embeddable":true,"href":"https:\/\/stitchmarkers-nook.de\/en\/wp-json\/wp\/v2\/users\/1"}],"replies":[{"embeddable":true,"href":"https:\/\/stitchmarkers-nook.de\/en\/wp-json\/wp\/v2\/comments?post=19"}],"version-history":[{"count":8,"href":"https:\/\/stitchmarkers-nook.de\/en\/wp-json\/wp\/v2\/pages\/19\/revisions"}],"predecessor-version":[{"id":911,"href":"https:\/\/stitchmarkers-nook.de\/en\/wp-json\/wp\/v2\/pages\/19\/revisions\/911"}],"wp:attachment":[{"href":"https:\/\/stitchmarkers-nook.de\/en\/wp-json\/wp\/v2\/media?parent=19"}],"curies":[{"name":"wp","href":"https:\/\/api.w.org\/{rel}","templated":true}]}}