{"id":114,"date":"2026-02-07T10:09:11","date_gmt":"2026-02-07T10:09:11","guid":{"rendered":"https:\/\/stitchmarkers-nook.de\/?page_id=114"},"modified":"2026-02-07T10:09:13","modified_gmt":"2026-02-07T10:09:13","slug":"zusammenarbeit","status":"publish","type":"page","link":"https:\/\/stitchmarkers-nook.de\/en\/zusammenarbeit\/","title":{"rendered":"Collaboration"},"content":{"rendered":"<p>Stitch Marker's Nook was founded in 2025 and grows slowly but steadily<\/p>\n\n\n\n<p>If you have any ideas for a collaboration let me know at<\/p>\n\n\n\n<p><strong><a href=\"mailto:carolin.betz@stitchmarkers-nook.de\">carolin.betz@stitchmarkers-nook.de<\/a><\/strong><\/p>\n\n\n\n<p>or use the <\/p>\n\n\n\n<p><a href=\"https:\/\/stitchmarkers-nook.de\/en\/kontakt\/\" type=\"page\" id=\"18\">Contact form<\/a><\/p>\n\n\n\n<p><\/p>","protected":false},"excerpt":{"rendered":"<p>Stitch Marker&#8217;s Nook wurde 2025 gegr\u00fcndet und wird langsam aber stetig gr\u00f6\u00dfer. Wenn Du eine Idee zur Zusammenarbeit hast, kontaktiere mich gerne unter carolin.betz@stitchmarkers-nook.de oder &hellip; <\/p>","protected":false},"author":1,"featured_media":0,"parent":0,"menu_order":0,"comment_status":"closed","ping_status":"closed","template":"","meta":{"footnotes":""},"class_list":["post-114","page","type-page","status-publish","hentry"],"yoast_head":"<!-- This site is optimized with the Yoast SEO plugin v27.4 - https:\/\/yoast.com\/product\/yoast-seo-wordpress\/ -->\n<title>Zusammenarbeit - stitchmarker&#039;s nook<\/title>\n<meta name=\"robots\" content=\"index, follow, max-snippet:-1, max-image-preview:large, max-video-preview:-1\" \/>\n<link rel=\"canonical\" href=\"https:\/\/stitchmarkers-nook.de\/en\/zusammenarbeit\/\" \/>\n<meta property=\"og:locale\" content=\"en_US\" \/>\n<meta property=\"og:type\" content=\"article\" \/>\n<meta property=\"og:title\" content=\"Zusammenarbeit - stitchmarker&#039;s nook\" \/>\n<meta property=\"og:description\" content=\"Stitch Marker&#8217;s Nook wurde 2025 gegr\u00fcndet und wird langsam aber stetig gr\u00f6\u00dfer. Wenn Du eine Idee zur Zusammenarbeit hast, kontaktiere mich gerne unter carolin.betz@stitchmarkers-nook.de oder &hellip;\" \/>\n<meta property=\"og:url\" content=\"https:\/\/stitchmarkers-nook.de\/en\/zusammenarbeit\/\" \/>\n<meta property=\"og:site_name\" content=\"stitchmarker&#039;s nook\" \/>\n<meta property=\"article:modified_time\" content=\"2026-02-07T10:09:13+00:00\" \/>\n<meta name=\"twitter:card\" content=\"summary_large_image\" \/>\n<meta name=\"twitter:label1\" content=\"Est. reading time\" \/>\n\t<meta name=\"twitter:data1\" content=\"1 minute\" \/>\n<script type=\"application\/ld+json\" class=\"yoast-schema-graph\">{\"@context\":\"https:\\\/\\\/schema.org\",\"@graph\":[{\"@type\":\"WebPage\",\"@id\":\"https:\\\/\\\/stitchmarkers-nook.de\\\/zusammenarbeit\\\/\",\"url\":\"https:\\\/\\\/stitchmarkers-nook.de\\\/zusammenarbeit\\\/\",\"name\":\"Zusammenarbeit - stitchmarker&#039;s nook\",\"isPartOf\":{\"@id\":\"https:\\\/\\\/stitchmarkers-nook.de\\\/#website\"},\"datePublished\":\"2026-02-07T10:09:11+00:00\",\"dateModified\":\"2026-02-07T10:09:13+00:00\",\"breadcrumb\":{\"@id\":\"https:\\\/\\\/stitchmarkers-nook.de\\\/zusammenarbeit\\\/#breadcrumb\"},\"inLanguage\":\"en-US\",\"potentialAction\":[{\"@type\":\"ReadAction\",\"target\":[\"https:\\\/\\\/stitchmarkers-nook.de\\\/zusammenarbeit\\\/\"]}]},{\"@type\":\"BreadcrumbList\",\"@id\":\"https:\\\/\\\/stitchmarkers-nook.de\\\/zusammenarbeit\\\/#breadcrumb\",\"itemListElement\":[{\"@type\":\"ListItem\",\"position\":1,\"name\":\"Start\",\"item\":\"https:\\\/\\\/stitchmarkers-nook.de\\\/\"},{\"@type\":\"ListItem\",\"position\":2,\"name\":\"Zusammenarbeit\"}]},{\"@type\":\"WebSite\",\"@id\":\"https:\\\/\\\/stitchmarkers-nook.de\\\/#website\",\"url\":\"https:\\\/\\\/stitchmarkers-nook.de\\\/\",\"name\":\"stitchmarker's nook\",\"description\":\"A Place for Yarn Lovers\",\"publisher\":{\"@id\":\"https:\\\/\\\/stitchmarkers-nook.de\\\/#organization\"},\"potentialAction\":[{\"@type\":\"SearchAction\",\"target\":{\"@type\":\"EntryPoint\",\"urlTemplate\":\"https:\\\/\\\/stitchmarkers-nook.de\\\/?s={search_term_string}\"},\"query-input\":{\"@type\":\"PropertyValueSpecification\",\"valueRequired\":true,\"valueName\":\"search_term_string\"}}],\"inLanguage\":\"en-US\"},{\"@type\":\"Organization\",\"@id\":\"https:\\\/\\\/stitchmarkers-nook.de\\\/#organization\",\"name\":\"stitchmarker's nook\",\"url\":\"https:\\\/\\\/stitchmarkers-nook.de\\\/\",\"logo\":{\"@type\":\"ImageObject\",\"inLanguage\":\"en-US\",\"@id\":\"https:\\\/\\\/stitchmarkers-nook.de\\\/#\\\/schema\\\/logo\\\/image\\\/\",\"url\":\"https:\\\/\\\/stitchmarkers-nook.de\\\/wp-content\\\/uploads\\\/2026\\\/01\\\/Logo_green_rot.png\",\"contentUrl\":\"https:\\\/\\\/stitchmarkers-nook.de\\\/wp-content\\\/uploads\\\/2026\\\/01\\\/Logo_green_rot.png\",\"width\":455,\"height\":440,\"caption\":\"stitchmarker's nook\"},\"image\":{\"@id\":\"https:\\\/\\\/stitchmarkers-nook.de\\\/#\\\/schema\\\/logo\\\/image\\\/\"},\"sameAs\":[\"https:\\\/\\\/de.pinterest.com\\\/betz3145\\\/\"]}]}<\/script>\n<!-- \/ Yoast SEO plugin. -->","yoast_head_json":{"title":"Zusammenarbeit - stitchmarker&#039;s nook","robots":{"index":"index","follow":"follow","max-snippet":"max-snippet:-1","max-image-preview":"max-image-preview:large","max-video-preview":"max-video-preview:-1"},"canonical":"https:\/\/stitchmarkers-nook.de\/en\/zusammenarbeit\/","og_locale":"en_US","og_type":"article","og_title":"Zusammenarbeit - stitchmarker&#039;s nook","og_description":"Stitch Marker&#8217;s Nook wurde 2025 gegr\u00fcndet und wird langsam aber stetig gr\u00f6\u00dfer. Wenn Du eine Idee zur Zusammenarbeit hast, kontaktiere mich gerne unter carolin.betz@stitchmarkers-nook.de oder &hellip;","og_url":"https:\/\/stitchmarkers-nook.de\/en\/zusammenarbeit\/","og_site_name":"stitchmarker&#039;s nook","article_modified_time":"2026-02-07T10:09:13+00:00","twitter_card":"summary_large_image","twitter_misc":{"Est. reading time":"1 minute"},"schema":{"@context":"https:\/\/schema.org","@graph":[{"@type":"WebPage","@id":"https:\/\/stitchmarkers-nook.de\/zusammenarbeit\/","url":"https:\/\/stitchmarkers-nook.de\/zusammenarbeit\/","name":"Zusammenarbeit - stitchmarker&#039;s nook","isPartOf":{"@id":"https:\/\/stitchmarkers-nook.de\/#website"},"datePublished":"2026-02-07T10:09:11+00:00","dateModified":"2026-02-07T10:09:13+00:00","breadcrumb":{"@id":"https:\/\/stitchmarkers-nook.de\/zusammenarbeit\/#breadcrumb"},"inLanguage":"en-US","potentialAction":[{"@type":"ReadAction","target":["https:\/\/stitchmarkers-nook.de\/zusammenarbeit\/"]}]},{"@type":"BreadcrumbList","@id":"https:\/\/stitchmarkers-nook.de\/zusammenarbeit\/#breadcrumb","itemListElement":[{"@type":"ListItem","position":1,"name":"Start","item":"https:\/\/stitchmarkers-nook.de\/"},{"@type":"ListItem","position":2,"name":"Zusammenarbeit"}]},{"@type":"WebSite","@id":"https:\/\/stitchmarkers-nook.de\/#website","url":"https:\/\/stitchmarkers-nook.de\/","name":"stitchmarker's nook","description":"A Place for Yarn Lovers","publisher":{"@id":"https:\/\/stitchmarkers-nook.de\/#organization"},"potentialAction":[{"@type":"SearchAction","target":{"@type":"EntryPoint","urlTemplate":"https:\/\/stitchmarkers-nook.de\/?s={search_term_string}"},"query-input":{"@type":"PropertyValueSpecification","valueRequired":true,"valueName":"search_term_string"}}],"inLanguage":"en-US"},{"@type":"Organization","@id":"https:\/\/stitchmarkers-nook.de\/#organization","name":"stitchmarker's nook","url":"https:\/\/stitchmarkers-nook.de\/","logo":{"@type":"ImageObject","inLanguage":"en-US","@id":"https:\/\/stitchmarkers-nook.de\/#\/schema\/logo\/image\/","url":"https:\/\/stitchmarkers-nook.de\/wp-content\/uploads\/2026\/01\/Logo_green_rot.png","contentUrl":"https:\/\/stitchmarkers-nook.de\/wp-content\/uploads\/2026\/01\/Logo_green_rot.png","width":455,"height":440,"caption":"stitchmarker's nook"},"image":{"@id":"https:\/\/stitchmarkers-nook.de\/#\/schema\/logo\/image\/"},"sameAs":["https:\/\/de.pinterest.com\/betz3145\/"]}]}},"wp-worthy-pixel":{"ignored":false,"public":null,"server":null,"url":null},"wp-worthy-type":"normal","_links":{"self":[{"href":"https:\/\/stitchmarkers-nook.de\/en\/wp-json\/wp\/v2\/pages\/114","targetHints":{"allow":["GET"]}}],"collection":[{"href":"https:\/\/stitchmarkers-nook.de\/en\/wp-json\/wp\/v2\/pages"}],"about":[{"href":"https:\/\/stitchmarkers-nook.de\/en\/wp-json\/wp\/v2\/types\/page"}],"author":[{"embeddable":true,"href":"https:\/\/stitchmarkers-nook.de\/en\/wp-json\/wp\/v2\/users\/1"}],"replies":[{"embeddable":true,"href":"https:\/\/stitchmarkers-nook.de\/en\/wp-json\/wp\/v2\/comments?post=114"}],"version-history":[{"count":2,"href":"https:\/\/stitchmarkers-nook.de\/en\/wp-json\/wp\/v2\/pages\/114\/revisions"}],"predecessor-version":[{"id":476,"href":"https:\/\/stitchmarkers-nook.de\/en\/wp-json\/wp\/v2\/pages\/114\/revisions\/476"}],"wp:attachment":[{"href":"https:\/\/stitchmarkers-nook.de\/en\/wp-json\/wp\/v2\/media?parent=114"}],"curies":[{"name":"wp","href":"https:\/\/api.w.org\/{rel}","templated":true}]}}